{"id":20339,"date":"2023-01-14T21:12:34","date_gmt":"2023-01-14T20:12:34","guid":{"rendered":"https:\/\/digitaalpubliceren.com\/product\/bestellen-sie-einmalig-ein-durchsuchbares-pdf\/"},"modified":"2025-07-03T13:19:47","modified_gmt":"2025-07-03T11:19:47","slug":"bestellen-sie-einmalig-ein-durchsuchbares-pdf","status":"publish","type":"product","link":"https:\/\/digitaalpubliceren.com\/de\/produkt\/bestellen-sie-einmalig-ein-durchsuchbares-pdf\/","title":{"rendered":"Bestellen Sie einmalig ein durchsuchbares PDF"},"content":{"rendered":"<p>Bestellen Sie Ihre einmalige Publikation direkt online. Sie k\u00f6nnen Ihre bl\u00e4tterbare PDF-Datei ganz einfach sofort bestellen. Nach der Bestellung wird die Publikation <em><strong>innerhalb von 1 Arbeitstag<\/strong><\/em> in eine bl\u00e4tterbare PDF-Datei umgewandelt. Dieses bl\u00e4tterbare PDF kann mit allen Optionen versehen werden, die wir anbieten.<\/p>\n<p>Nachdem Sie die Bestellung aufgegeben haben, k\u00f6nnen Sie Ihr PDF-Dokument per <a href=\"http:\/\/www.wetransfer.com\" target=\"_blank\" rel=\"noopener noreferrer\">WeTransfer<\/a> \u00fcbermitteln. Sie k\u00f6nnen es unter Angabe Ihrer <span style=\"text-decoration: underline;\">Bestellnummer<\/span> an <a href=\"mailto:info@digitaalpubliceren.com\">info@digitaalpubliceren.com<\/a> senden.<\/p>\n<p>Wir m\u00f6chten auch das Firmenlogo als JPEG oder PNG in einem RGB-Farbformat erhalten.<br \/>\n<strong>Bitte beachten Sie die folgenden Angaben zu Ihrem PDF-Dokument:<\/strong><\/p>\n<ul>\n<li>keine Schnittkanten und R\u00e4nder.<\/li>\n<li>die PDF-Datei genau so kopiert wird, wie sie geliefert wurde (einschlie\u00dflich Links usw.)<\/li>\n<li>die PDF-Datei ist in niedriger Aufl\u00f6sung (72 dpi) ausreichend.<\/li>\n<li>die PDF-Schriften in Buchstabenumrisse konvertiert.<\/li>\n<li>die PDF-Datei ist im RGB-Farbformat erstellt.<\/li>\n<li>die PDF-Datei nicht aus mehreren Ebenen besteht.<\/li>\n<\/ul>\n<p>M\u00f6chten Sie unsere zus\u00e4tzlichen Module wie Videos oder die Integration von Google Analytics nutzen? Dann senden Sie diese Tracking-Codes und Links per WeTransfer mit.<br \/>\nSobald wir die Dateien und die Zahlung ordnungsgem\u00e4\u00df erhalten haben, konvertieren wir das PDF sofort. Sie erhalten dann Ihre bl\u00e4tterbare Publikation innerhalb von 1 Arbeitstag.<\/p>\n<p><em>Die Ver\u00f6ffentlichung liegt bis zu 12 Monate auf unserem Server.<\/em><\/p>\n","protected":false},"excerpt":{"rendered":"<p><a href=\"https:\/\/digitaalpubliceren.com\/de\/produkt\/durchsuchbares-pdf-abonnement\/\"><strong>Diese bl\u00e4tterbare Publikation bleibt 12 Monate lang online.<\/strong> M\u00f6chten Sie eine Publikation f\u00fcr <span style=\"text-decoration: underline;\">mehr als 12 Monate<\/span>? Dann bestellen Sie hier das Jahresabonnement! Dann wird Ihre Publikation automatisch jedes Jahr erneuert! <\/a><\/p>\n<h5>Beginnen Sie mit Ihrer bl\u00e4tterbaren Publikation:<\/h5>\n","protected":false},"featured_media":20159,"template":"","meta":{"_links_to":"","_links_to_target":""},"product_brand":[],"product_cat":[170],"product_tag":[],"class_list":{"0":"post-20339","1":"product","2":"type-product","3":"status-publish","4":"has-post-thumbnail","6":"product_cat-preise","7":"tm-has-options","9":"first","10":"instock","11":"virtual","12":"taxable","13":"purchasable","14":"product-type-simple"},"yoast_head":"<!-- This site is optimized with the Yoast SEO plugin v27.4 - https:\/\/yoast.com\/product\/yoast-seo-wordpress\/ -->\n<title>Bestellen Sie Ihr bl\u00e4tterbares PDF schnell online! | Digitales Publizieren<\/title>\n<meta name=\"description\" content=\"Bestellen Sie Ihr bl\u00e4tterbares PDF schnell online! Nirgendwo g\u00fcnstiger, schon ab 75 \u20ac! \u2713 Vollst\u00e4ndig mobilfreundlich \/ responsive! \u2713 Innerhalb von 24 Stunden.\" \/>\n<meta name=\"robots\" content=\"index, follow, max-snippet:-1, max-image-preview:large, max-video-preview:-1\" \/>\n<link rel=\"canonical\" href=\"https:\/\/digitaalpubliceren.com\/de\/produkt\/bestellen-sie-einmalig-ein-durchsuchbares-pdf\/\" \/>\n<meta property=\"og:locale\" content=\"de_DE\" \/>\n<meta property=\"og:type\" content=\"article\" \/>\n<meta property=\"og:title\" content=\"Bestellen Sie Ihr bl\u00e4tterbares PDF schnell online! | Digitales Publizieren\" \/>\n<meta property=\"og:description\" content=\"Bestellen Sie Ihr bl\u00e4tterbares PDF schnell online! Nirgendwo g\u00fcnstiger, schon ab 75 \u20ac! \u2713 Vollst\u00e4ndig mobilfreundlich \/ responsive! \u2713 Innerhalb von 24 Stunden.\" \/>\n<meta property=\"og:url\" content=\"https:\/\/digitaalpubliceren.com\/de\/produkt\/bestellen-sie-einmalig-ein-durchsuchbares-pdf\/\" \/>\n<meta property=\"og:site_name\" content=\"DigitaalPubliceren.com\" \/>\n<meta property=\"article:modified_time\" content=\"2025-07-03T11:19:47+00:00\" \/>\n<meta property=\"og:image\" content=\"https:\/\/digitaalpubliceren.com\/wp-content\/uploads\/2017\/09\/cropped-Bladerbare-PDF-1.png\" \/>\n\t<meta property=\"og:image:width\" content=\"512\" \/>\n\t<meta property=\"og:image:height\" content=\"512\" \/>\n\t<meta property=\"og:image:type\" content=\"image\/png\" \/>\n<meta name=\"twitter:card\" content=\"summary_large_image\" \/>\n<meta name=\"twitter:label1\" content=\"Gesch\u00e4tzte Lesezeit\" \/>\n\t<meta name=\"twitter:data1\" content=\"2 Minuten\" \/>\n<script type=\"application\/ld+json\" class=\"yoast-schema-graph\">{\"@context\":\"https:\\\/\\\/schema.org\",\"@graph\":[{\"@type\":\"WebPage\",\"@id\":\"https:\\\/\\\/digitaalpubliceren.com\\\/de\\\/produkt\\\/bestellen-sie-einmalig-ein-durchsuchbares-pdf\\\/\",\"url\":\"https:\\\/\\\/digitaalpubliceren.com\\\/de\\\/produkt\\\/bestellen-sie-einmalig-ein-durchsuchbares-pdf\\\/\",\"name\":\"Bestellen Sie Ihr bl\u00e4tterbares PDF schnell online! | Digitales Publizieren\",\"isPartOf\":{\"@id\":\"\\\/#website\"},\"primaryImageOfPage\":{\"@id\":\"https:\\\/\\\/digitaalpubliceren.com\\\/de\\\/produkt\\\/bestellen-sie-einmalig-ein-durchsuchbares-pdf\\\/#primaryimage\"},\"image\":{\"@id\":\"https:\\\/\\\/digitaalpubliceren.com\\\/de\\\/produkt\\\/bestellen-sie-einmalig-ein-durchsuchbares-pdf\\\/#primaryimage\"},\"thumbnailUrl\":\"https:\\\/\\\/i0.wp.com\\\/digitaalpubliceren.com\\\/wp-content\\\/uploads\\\/2017\\\/09\\\/cropped-Bladerbare-PDF-1.png?fit=512%2C512&ssl=1\",\"datePublished\":\"2023-01-14T20:12:34+00:00\",\"dateModified\":\"2025-07-03T11:19:47+00:00\",\"description\":\"Bestellen Sie Ihr bl\u00e4tterbares PDF schnell online! Nirgendwo g\u00fcnstiger, schon ab 75 \u20ac! \u2713 Vollst\u00e4ndig mobilfreundlich \\\/ responsive! \u2713 Innerhalb von 24 Stunden.\",\"breadcrumb\":{\"@id\":\"https:\\\/\\\/digitaalpubliceren.com\\\/de\\\/produkt\\\/bestellen-sie-einmalig-ein-durchsuchbares-pdf\\\/#breadcrumb\"},\"inLanguage\":\"de\",\"potentialAction\":[{\"@type\":\"ReadAction\",\"target\":[\"https:\\\/\\\/digitaalpubliceren.com\\\/de\\\/produkt\\\/bestellen-sie-einmalig-ein-durchsuchbares-pdf\\\/\"]}]},{\"@type\":\"ImageObject\",\"inLanguage\":\"de\",\"@id\":\"https:\\\/\\\/digitaalpubliceren.com\\\/de\\\/produkt\\\/bestellen-sie-einmalig-ein-durchsuchbares-pdf\\\/#primaryimage\",\"url\":\"https:\\\/\\\/i0.wp.com\\\/digitaalpubliceren.com\\\/wp-content\\\/uploads\\\/2017\\\/09\\\/cropped-Bladerbare-PDF-1.png?fit=512%2C512&ssl=1\",\"contentUrl\":\"https:\\\/\\\/i0.wp.com\\\/digitaalpubliceren.com\\\/wp-content\\\/uploads\\\/2017\\\/09\\\/cropped-Bladerbare-PDF-1.png?fit=512%2C512&ssl=1\",\"width\":512,\"height\":512},{\"@type\":\"BreadcrumbList\",\"@id\":\"https:\\\/\\\/digitaalpubliceren.com\\\/de\\\/produkt\\\/bestellen-sie-einmalig-ein-durchsuchbares-pdf\\\/#breadcrumb\",\"itemListElement\":[{\"@type\":\"ListItem\",\"position\":1,\"name\":\"Startseite\",\"item\":\"https:\\\/\\\/digitaalpubliceren.com\\\/de\\\/\"},{\"@type\":\"ListItem\",\"position\":2,\"name\":\"Bestellen Sie einmalig ein durchsuchbares PDF\"}]},{\"@type\":\"WebSite\",\"@id\":\"\\\/#website\",\"url\":\"\\\/\",\"name\":\"DigitaalPubliceren.com\",\"description\":\"\",\"publisher\":{\"@id\":\"\\\/#organization\"},\"potentialAction\":[{\"@type\":\"SearchAction\",\"target\":{\"@type\":\"EntryPoint\",\"urlTemplate\":\"\\\/?s={search_term_string}\"},\"query-input\":{\"@type\":\"PropertyValueSpecification\",\"valueRequired\":true,\"valueName\":\"search_term_string\"}}],\"inLanguage\":\"de\"},{\"@type\":\"Organization\",\"@id\":\"\\\/#organization\",\"name\":\"DigitaalPubliceren.com\",\"url\":\"\\\/\",\"logo\":{\"@type\":\"ImageObject\",\"inLanguage\":\"de\",\"@id\":\"\\\/#\\\/schema\\\/logo\\\/image\\\/\",\"url\":\"https:\\\/\\\/i0.wp.com\\\/digitaalpubliceren.com\\\/wp-content\\\/uploads\\\/2020\\\/08\\\/DP-logo-web-kleur.png?fit=%2C&ssl=1\",\"contentUrl\":\"https:\\\/\\\/i0.wp.com\\\/digitaalpubliceren.com\\\/wp-content\\\/uploads\\\/2020\\\/08\\\/DP-logo-web-kleur.png?fit=%2C&ssl=1\",\"caption\":\"DigitaalPubliceren.com\"},\"image\":{\"@id\":\"\\\/#\\\/schema\\\/logo\\\/image\\\/\"}}]}<\/script>\n<!-- \/ Yoast SEO plugin. -->","yoast_head_json":{"title":"Bestellen Sie Ihr bl\u00e4tterbares PDF schnell online! | Digitales Publizieren","description":"Bestellen Sie Ihr bl\u00e4tterbares PDF schnell online! Nirgendwo g\u00fcnstiger, schon ab 75 \u20ac! \u2713 Vollst\u00e4ndig mobilfreundlich \/ responsive! \u2713 Innerhalb von 24 Stunden.","robots":{"index":"index","follow":"follow","max-snippet":"max-snippet:-1","max-image-preview":"max-image-preview:large","max-video-preview":"max-video-preview:-1"},"canonical":"https:\/\/digitaalpubliceren.com\/de\/produkt\/bestellen-sie-einmalig-ein-durchsuchbares-pdf\/","og_locale":"de_DE","og_type":"article","og_title":"Bestellen Sie Ihr bl\u00e4tterbares PDF schnell online! | Digitales Publizieren","og_description":"Bestellen Sie Ihr bl\u00e4tterbares PDF schnell online! Nirgendwo g\u00fcnstiger, schon ab 75 \u20ac! \u2713 Vollst\u00e4ndig mobilfreundlich \/ responsive! \u2713 Innerhalb von 24 Stunden.","og_url":"https:\/\/digitaalpubliceren.com\/de\/produkt\/bestellen-sie-einmalig-ein-durchsuchbares-pdf\/","og_site_name":"DigitaalPubliceren.com","article_modified_time":"2025-07-03T11:19:47+00:00","og_image":[{"width":512,"height":512,"url":"https:\/\/digitaalpubliceren.com\/wp-content\/uploads\/2017\/09\/cropped-Bladerbare-PDF-1.png","type":"image\/png"}],"twitter_card":"summary_large_image","twitter_misc":{"Gesch\u00e4tzte Lesezeit":"2 Minuten"},"schema":{"@context":"https:\/\/schema.org","@graph":[{"@type":"WebPage","@id":"https:\/\/digitaalpubliceren.com\/de\/produkt\/bestellen-sie-einmalig-ein-durchsuchbares-pdf\/","url":"https:\/\/digitaalpubliceren.com\/de\/produkt\/bestellen-sie-einmalig-ein-durchsuchbares-pdf\/","name":"Bestellen Sie Ihr bl\u00e4tterbares PDF schnell online! | Digitales Publizieren","isPartOf":{"@id":"\/#website"},"primaryImageOfPage":{"@id":"https:\/\/digitaalpubliceren.com\/de\/produkt\/bestellen-sie-einmalig-ein-durchsuchbares-pdf\/#primaryimage"},"image":{"@id":"https:\/\/digitaalpubliceren.com\/de\/produkt\/bestellen-sie-einmalig-ein-durchsuchbares-pdf\/#primaryimage"},"thumbnailUrl":"https:\/\/i0.wp.com\/digitaalpubliceren.com\/wp-content\/uploads\/2017\/09\/cropped-Bladerbare-PDF-1.png?fit=512%2C512&ssl=1","datePublished":"2023-01-14T20:12:34+00:00","dateModified":"2025-07-03T11:19:47+00:00","description":"Bestellen Sie Ihr bl\u00e4tterbares PDF schnell online! Nirgendwo g\u00fcnstiger, schon ab 75 \u20ac! \u2713 Vollst\u00e4ndig mobilfreundlich \/ responsive! \u2713 Innerhalb von 24 Stunden.","breadcrumb":{"@id":"https:\/\/digitaalpubliceren.com\/de\/produkt\/bestellen-sie-einmalig-ein-durchsuchbares-pdf\/#breadcrumb"},"inLanguage":"de","potentialAction":[{"@type":"ReadAction","target":["https:\/\/digitaalpubliceren.com\/de\/produkt\/bestellen-sie-einmalig-ein-durchsuchbares-pdf\/"]}]},{"@type":"ImageObject","inLanguage":"de","@id":"https:\/\/digitaalpubliceren.com\/de\/produkt\/bestellen-sie-einmalig-ein-durchsuchbares-pdf\/#primaryimage","url":"https:\/\/i0.wp.com\/digitaalpubliceren.com\/wp-content\/uploads\/2017\/09\/cropped-Bladerbare-PDF-1.png?fit=512%2C512&ssl=1","contentUrl":"https:\/\/i0.wp.com\/digitaalpubliceren.com\/wp-content\/uploads\/2017\/09\/cropped-Bladerbare-PDF-1.png?fit=512%2C512&ssl=1","width":512,"height":512},{"@type":"BreadcrumbList","@id":"https:\/\/digitaalpubliceren.com\/de\/produkt\/bestellen-sie-einmalig-ein-durchsuchbares-pdf\/#breadcrumb","itemListElement":[{"@type":"ListItem","position":1,"name":"Startseite","item":"https:\/\/digitaalpubliceren.com\/de\/"},{"@type":"ListItem","position":2,"name":"Bestellen Sie einmalig ein durchsuchbares PDF"}]},{"@type":"WebSite","@id":"\/#website","url":"\/","name":"DigitaalPubliceren.com","description":"","publisher":{"@id":"\/#organization"},"potentialAction":[{"@type":"SearchAction","target":{"@type":"EntryPoint","urlTemplate":"\/?s={search_term_string}"},"query-input":{"@type":"PropertyValueSpecification","valueRequired":true,"valueName":"search_term_string"}}],"inLanguage":"de"},{"@type":"Organization","@id":"\/#organization","name":"DigitaalPubliceren.com","url":"\/","logo":{"@type":"ImageObject","inLanguage":"de","@id":"\/#\/schema\/logo\/image\/","url":"https:\/\/i0.wp.com\/digitaalpubliceren.com\/wp-content\/uploads\/2020\/08\/DP-logo-web-kleur.png?fit=%2C&ssl=1","contentUrl":"https:\/\/i0.wp.com\/digitaalpubliceren.com\/wp-content\/uploads\/2020\/08\/DP-logo-web-kleur.png?fit=%2C&ssl=1","caption":"DigitaalPubliceren.com"},"image":{"@id":"\/#\/schema\/logo\/image\/"}}]}},"jetpack_sharing_enabled":true,"_links":{"self":[{"href":"https:\/\/digitaalpubliceren.com\/de\/wp-json\/wp\/v2\/product\/20339","targetHints":{"allow":["GET"]}}],"collection":[{"href":"https:\/\/digitaalpubliceren.com\/de\/wp-json\/wp\/v2\/product"}],"about":[{"href":"https:\/\/digitaalpubliceren.com\/de\/wp-json\/wp\/v2\/types\/product"}],"wp:featuredmedia":[{"embeddable":true,"href":"https:\/\/digitaalpubliceren.com\/de\/wp-json\/wp\/v2\/media\/20159"}],"wp:attachment":[{"href":"https:\/\/digitaalpubliceren.com\/de\/wp-json\/wp\/v2\/media?parent=20339"}],"wp:term":[{"taxonomy":"product_brand","embeddable":true,"href":"https:\/\/digitaalpubliceren.com\/de\/wp-json\/wp\/v2\/product_brand?post=20339"},{"taxonomy":"product_cat","embeddable":true,"href":"https:\/\/digitaalpubliceren.com\/de\/wp-json\/wp\/v2\/product_cat?post=20339"},{"taxonomy":"product_tag","embeddable":true,"href":"https:\/\/digitaalpubliceren.com\/de\/wp-json\/wp\/v2\/product_tag?post=20339"}],"curies":[{"name":"wp","href":"https:\/\/api.w.org\/{rel}","templated":true}]}}