{"id":20741,"date":"2018-04-05T18:47:00","date_gmt":"2018-04-05T16:47:00","guid":{"rendered":"https:\/\/digitaalpubliceren.com\/datenschutzbestimmungen\/"},"modified":"2018-04-05T18:47:00","modified_gmt":"2018-04-05T16:47:00","slug":"datenschutzbestimmungen","status":"publish","type":"page","link":"https:\/\/digitaalpubliceren.com\/de\/datenschutzbestimmungen\/","title":{"rendered":"Datenschutzbestimmungen"},"content":{"rendered":"<p>Datenschutzerkl\u00e4rung von Digitaal Publiceren.com.<\/p>\n<p>Definitionen<br \/>\na. Datenschutzerkl\u00e4rung: diese Datenschutzerkl\u00e4rung;<br \/>\nb. Benutzer: jeder Benutzer der Website;<br \/>\nc. Verantwortlicher: Digitaal Publiceren.com (ein Handelsname von HV Media), Industrieweg 14, 4283 GZ Giessen, 0416 531034;<br \/>\nd. Website: die Website unter www.digitaalpubliceren.com.    <\/p>\n<h4>1 Allgemein<\/h4>\n<p>1.1 In dieser Datenschutzerkl\u00e4rung wird beschrieben, wie der Verantwortliche die personenbezogenen Daten seiner Benutzer verarbeitet.<br \/>\n1.2 Die vom Verantwortlichen verarbeiteten personenbezogenen Daten sind Name, NAW-Daten, (E-Mail-)Adresse und Telefonnummer.<\/p>\n<h4>2 Erhebung und Verwendung von personenbezogenen Daten<\/h4>\n<p>2.1 Der Verantwortliche erhebt personenbezogene Daten eines Nutzers, wenn der betreffende Nutzer diese personenbezogenen Daten \u00fcber die Website an den Verantwortlichen \u00fcbermittelt hat [beispielsweise durch Kontaktaufnahme mit einer Anfrage nach Informationen \u00fcber die Dienstleistungen oder Produkte des Verantwortlichen, eine Bestellung beim Verantwortlichen oder dadurch, dass sich der Nutzer f\u00fcr den Newsletter des Verantwortlichen angemeldet hat].<br \/>\n2.2 Der Verantwortliche verwendet diese personenbezogenen Daten f\u00fcr den Zweck, f\u00fcr den der Nutzer die personenbezogenen Daten dem Verantwortlichen zur Verf\u00fcgung gestellt hat:<br \/>\n2.2.1 Wenn der Nutzer den Verantwortlichen um Informationen \u00fcber Dienstleistungen und Produkte bittet, verarbeitet der Verantwortliche die personenbezogenen Daten, um dieser Anfrage nachzukommen.<br \/>\n2.2. Wenn sich der Nutzer f\u00fcr den Newsletter angemeldet hat, verwendet der Verantwortliche die personenbezogenen Daten, um den Newsletter an den Nutzer zu senden.<br \/>\n2.3 Dar\u00fcber hinaus kann der Verantwortliche die personenbezogenen Daten verwenden, um seine Nutzer \u00fcber Produkte oder Dienstleistungen des Verantwortlichen zu informieren, die f\u00fcr den betreffenden Nutzer von Interesse sein k\u00f6nnten. Wenn der Nutzer dem widerspricht, kann er sich an info@hvmedia.nl wenden. <\/p>\n<h4>3 Weitergabe an Dritte<\/h4>\n<p>3.1 Der Verantwortliche wird die personenbezogenen Daten seiner Nutzer nicht an Dritte weitergeben, es sei denn:<br \/>\n3.1.1 die Weitergabe erfolgt an einen vom Verantwortlichen f\u00fcr die in dieser Datenschutzerkl\u00e4rung aufgef\u00fchrten Zwecke eingeschalteten Auftragsverarbeiter, mit dem der Verantwortliche eine Vereinbarung geschlossen hat, die darauf abzielt, dass der Auftragsverarbeiter ausreichende Garantien hinsichtlich der technischen und organisatorischen Sicherheitsma\u00dfnahmen in Bezug auf die durchzuf\u00fchrenden Verarbeitungen bietet; oder<br \/>\n3.1.2 der Verantwortliche aufgrund einer gesetzlichen Verpflichtung verpflichtet ist, personenbezogene Daten an zust\u00e4ndige Beh\u00f6rden weiterzugeben.<\/p>\n<h4>4 Cookies<\/h4>\n<p>4.1 Wir verwenden Cookies, um die Funktionalit\u00e4t bestimmter Seiten der Website zu optimieren. Cookies sind kleine Textdateien, die von einer Seite der Website auf dem Computer des Besuchers platziert werden. In einem solchen Cookie werden Informationen gespeichert, wie z. B. bestimmte Pr\u00e4ferenzen des Besuchers. Dadurch k\u00f6nnen wir dem Besucher bei einem n\u00e4chsten Besuch noch besser dienen.<br \/>\n4.2 Der Besucher kann selbst bestimmen, wie mit Cookies umgegangen werden soll. Er kann seinen Browser so einstellen, dass er die Verwendung von Cookies zul\u00e4sst, nicht zul\u00e4sst oder teilweise zul\u00e4sst. Im letzteren Fall kann eingestellt werden, welche Websites Cookies platzieren d\u00fcrfen. Bei allen \u00fcbrigen Websites wird es dann verboten. Diese M\u00f6glichkeit wird von den meisten verwendeten modernen Browsern geboten.<br \/>\n4.3 Cookies k\u00f6nnen jederzeit von einem Computer entfernt werden, auch wieder \u00fcber den Browser.       <\/p>\n<h4>5 \u00c4nderung\/Entfernung von personenbezogenen Daten<\/h4>\n<p>5.1 Der Nutzer hat das Recht auf Einsicht, Berichtigung, Erg\u00e4nzung, L\u00f6schung und Abschirmung seiner personenbezogenen Daten gem\u00e4\u00df den Bestimmungen des Gesetzes zum Schutz personenbezogener Daten.<br \/>\n5.2 Wenn der Nutzer eines dieser Rechte aus\u00fcben m\u00f6chte oder wenn der Nutzer Fragen zu dieser Datenschutzerkl\u00e4rung hat, kann der Nutzer den Verantwortlichen unter info@hvmedia.nl oder der Postadresse Industrieweg 14, 4283 GZ Giessen, erreichen.<br \/>\n5.3 Nutzer k\u00f6nnen sich vom Newsletter abmelden, indem sie den Abmeldelink in den Mailings verwenden.<\/p>\n<h4>6 Aufbewahrungsfrist<\/h4>\n<p>6.1 Der Verantwortliche speichert personenbezogene Daten w\u00e4hrend des Zeitraums, in dem er dies im Rahmen seiner Dienstleistung f\u00fcr relevant h\u00e4lt, es sei denn, der Verantwortliche ist aufgrund einer gesetzlichen Bestimmung verpflichtet, personenbezogene Daten l\u00e4nger aufzubewahren.<\/p>\n<h4>7 Profilerstellung<\/h4>\n<p align=\"justify\">7.1 Wir k\u00f6nnen Ihre personenbezogenen Daten aus verschiedenen Quellen f\u00fcr die Profilerstellung miteinander kombinieren. Dies tun wir, indem wir die Nutzung unserer Website analysieren und diese Informationen mit \u00f6ffentlichen Informationen kombinieren. Wir verwenden diese Profile, um Einblick in das Interesse potenzieller Kunden an unseren Dienstleistungen zu erhalten, damit wir unsere Marketingaktivit\u00e4ten auf eine relevante Zielgruppe ausrichten k\u00f6nnen. Selbstverst\u00e4ndlich werden wir Ihre Privatsph\u00e4re jederzeit weiterhin gew\u00e4hrleisten.   <\/p>\n<h4>8 Sicherheit<\/h4>\n<p>8.1 Der Verantwortliche hat geeignete technische und organisatorische Ma\u00dfnahmen getroffen, um die personenbezogenen Daten der Nutzer vor Verlust oder unrechtm\u00e4\u00dfiger Verarbeitung zu sch\u00fctzen, einschlie\u00dflich SSL-Sicherheit auf seiner Website.<\/p>\n<h4>9 Urheberrechte und geistige Eigentumsrechte<\/h4>\n<p>9.1 Das Urheberrecht an dieser Website liegt bei Digitaal Publiceren.com oder bei Dritten, die dieses (Bild-)Material mit Genehmigung Digitaal Publiceren.com zur Verf\u00fcgung gestellt haben. Die Vervielf\u00e4ltigung in welcher Form auch immer ist nur nach vorheriger Genehmigung durch Digitaal Publiceren.com gestattet.<\/p>\n<p>9.2 Die vollst\u00e4ndige Haftung und Verantwortung f\u00fcr Urheberrecht und Datenschutz f\u00fcr die Ver\u00f6ffentlichungen liegt beim Auftraggeber der umzuwandelnden digitalen Publikation. Wir stellen uns von Datenschutzverletzungen, Urheberrechten oder anderen Missst\u00e4nden frei, die in einer der Ver\u00f6ffentlichungen unserer Kunden in unserer Webumgebung sichtbar sind. <\/p>\n<h4>10 \u00c4nderungen in der Datenschutzerkl\u00e4rung<\/h4>\n<p>10.1 Der Verantwortliche beh\u00e4lt sich das Recht vor, diese Datenschutzerkl\u00e4rung anzupassen. Jede Anpassung wird auf dieser Seite bekannt gegeben. Der Verantwortliche empfiehlt dem Nutzer daher, regelm\u00e4\u00dfig auf dieser Seite nachzusehen, ob \u00c4nderungen vorgenommen wurden. Die aktuelle Datenschutzerkl\u00e4rung wurde am 5. April 2018 aktualisiert   <\/p>\n","protected":false},"excerpt":{"rendered":"<p>Datenschutzerkl\u00e4rung von Digitaal Publiceren.com. Definitionen a. Datenschutzerkl\u00e4rung: diese Datenschutzerkl\u00e4rung; b. Benutzer: jeder Benutzer der Website; c. Verantwortlicher: Digitaal Publiceren.com (ein Handelsname von HV Media), Industrieweg 14, 4283 GZ Giessen, 0416 531034; d. Website: die Website unter www.digitaalpubliceren.com. 1 Allgemein 1.1 In dieser Datenschutzerkl\u00e4rung wird beschrieben, wie der Verantwortliche die personenbezogenen Daten seiner Benutzer verarbeitet. 1.2 [&hellip;]<\/p>\n","protected":false},"author":1,"featured_media":0,"parent":0,"menu_order":0,"comment_status":"closed","ping_status":"closed","template":"","meta":{"footnotes":"","_links_to":"","_links_to_target":""},"class_list":["post-20741","page","type-page","status-publish","hentry"],"yoast_head":"<!-- This site is optimized with the Yoast SEO plugin v27.4 - https:\/\/yoast.com\/product\/yoast-seo-wordpress\/ -->\n<title>Datenschutzerkl\u00e4rung | Digitaal Publiceren.com<\/title>\n<meta name=\"robots\" content=\"noindex, follow\" \/>\n<meta property=\"og:locale\" content=\"de_DE\" \/>\n<meta property=\"og:type\" content=\"article\" \/>\n<meta property=\"og:title\" content=\"Datenschutzerkl\u00e4rung | Digitaal Publiceren.com\" \/>\n<meta property=\"og:description\" content=\"Datenschutzerkl\u00e4rung von Digitaal Publiceren.com. Definitionen a. Datenschutzerkl\u00e4rung: diese Datenschutzerkl\u00e4rung; b. Benutzer: jeder Benutzer der Website; c. Verantwortlicher: Digitaal Publiceren.com (ein Handelsname von HV Media), Industrieweg 14, 4283 GZ Giessen, 0416 531034; d. Website: die Website unter www.digitaalpubliceren.com. 1 Allgemein 1.1 In dieser Datenschutzerkl\u00e4rung wird beschrieben, wie der Verantwortliche die personenbezogenen Daten seiner Benutzer verarbeitet. 1.2 [&hellip;]\" \/>\n<meta property=\"og:url\" content=\"https:\/\/digitaalpubliceren.com\/de\/datenschutzbestimmungen\/\" \/>\n<meta property=\"og:site_name\" content=\"DigitaalPubliceren.com\" \/>\n<meta name=\"twitter:card\" content=\"summary_large_image\" \/>\n<meta name=\"twitter:label1\" content=\"Gesch\u00e4tzte Lesezeit\" \/>\n\t<meta name=\"twitter:data1\" content=\"4 Minuten\" \/>\n<script type=\"application\/ld+json\" class=\"yoast-schema-graph\">{\"@context\":\"https:\\\/\\\/schema.org\",\"@graph\":[{\"@type\":\"WebPage\",\"@id\":\"https:\\\/\\\/digitaalpubliceren.com\\\/de\\\/datenschutzbestimmungen\\\/\",\"url\":\"https:\\\/\\\/digitaalpubliceren.com\\\/de\\\/datenschutzbestimmungen\\\/\",\"name\":\"Datenschutzerkl\u00e4rung | Digitaal Publiceren.com\",\"isPartOf\":{\"@id\":\"\\\/#website\"},\"datePublished\":\"2018-04-05T16:47:00+00:00\",\"breadcrumb\":{\"@id\":\"https:\\\/\\\/digitaalpubliceren.com\\\/de\\\/datenschutzbestimmungen\\\/#breadcrumb\"},\"inLanguage\":\"de\",\"potentialAction\":[{\"@type\":\"ReadAction\",\"target\":[\"https:\\\/\\\/digitaalpubliceren.com\\\/de\\\/datenschutzbestimmungen\\\/\"]}]},{\"@type\":\"BreadcrumbList\",\"@id\":\"https:\\\/\\\/digitaalpubliceren.com\\\/de\\\/datenschutzbestimmungen\\\/#breadcrumb\",\"itemListElement\":[{\"@type\":\"ListItem\",\"position\":1,\"name\":\"Startseite\",\"item\":\"https:\\\/\\\/digitaalpubliceren.com\\\/de\\\/\"},{\"@type\":\"ListItem\",\"position\":2,\"name\":\"Datenschutzbestimmungen\"}]},{\"@type\":\"WebSite\",\"@id\":\"\\\/#website\",\"url\":\"\\\/\",\"name\":\"DigitaalPubliceren.com\",\"description\":\"\",\"publisher\":{\"@id\":\"\\\/#organization\"},\"potentialAction\":[{\"@type\":\"SearchAction\",\"target\":{\"@type\":\"EntryPoint\",\"urlTemplate\":\"\\\/?s={search_term_string}\"},\"query-input\":{\"@type\":\"PropertyValueSpecification\",\"valueRequired\":true,\"valueName\":\"search_term_string\"}}],\"inLanguage\":\"de\"},{\"@type\":\"Organization\",\"@id\":\"\\\/#organization\",\"name\":\"DigitaalPubliceren.com\",\"url\":\"\\\/\",\"logo\":{\"@type\":\"ImageObject\",\"inLanguage\":\"de\",\"@id\":\"\\\/#\\\/schema\\\/logo\\\/image\\\/\",\"url\":\"https:\\\/\\\/i0.wp.com\\\/digitaalpubliceren.com\\\/wp-content\\\/uploads\\\/2020\\\/08\\\/DP-logo-web-kleur.png?fit=%2C&ssl=1\",\"contentUrl\":\"https:\\\/\\\/i0.wp.com\\\/digitaalpubliceren.com\\\/wp-content\\\/uploads\\\/2020\\\/08\\\/DP-logo-web-kleur.png?fit=%2C&ssl=1\",\"caption\":\"DigitaalPubliceren.com\"},\"image\":{\"@id\":\"\\\/#\\\/schema\\\/logo\\\/image\\\/\"}}]}<\/script>\n<!-- \/ Yoast SEO plugin. -->","yoast_head_json":{"title":"Datenschutzerkl\u00e4rung | Digitaal Publiceren.com","robots":{"index":"noindex","follow":"follow"},"og_locale":"de_DE","og_type":"article","og_title":"Datenschutzerkl\u00e4rung | Digitaal Publiceren.com","og_description":"Datenschutzerkl\u00e4rung von Digitaal Publiceren.com. Definitionen a. Datenschutzerkl\u00e4rung: diese Datenschutzerkl\u00e4rung; b. Benutzer: jeder Benutzer der Website; c. Verantwortlicher: Digitaal Publiceren.com (ein Handelsname von HV Media), Industrieweg 14, 4283 GZ Giessen, 0416 531034; d. Website: die Website unter www.digitaalpubliceren.com. 1 Allgemein 1.1 In dieser Datenschutzerkl\u00e4rung wird beschrieben, wie der Verantwortliche die personenbezogenen Daten seiner Benutzer verarbeitet. 1.2 [&hellip;]","og_url":"https:\/\/digitaalpubliceren.com\/de\/datenschutzbestimmungen\/","og_site_name":"DigitaalPubliceren.com","twitter_card":"summary_large_image","twitter_misc":{"Gesch\u00e4tzte Lesezeit":"4 Minuten"},"schema":{"@context":"https:\/\/schema.org","@graph":[{"@type":"WebPage","@id":"https:\/\/digitaalpubliceren.com\/de\/datenschutzbestimmungen\/","url":"https:\/\/digitaalpubliceren.com\/de\/datenschutzbestimmungen\/","name":"Datenschutzerkl\u00e4rung | Digitaal Publiceren.com","isPartOf":{"@id":"\/#website"},"datePublished":"2018-04-05T16:47:00+00:00","breadcrumb":{"@id":"https:\/\/digitaalpubliceren.com\/de\/datenschutzbestimmungen\/#breadcrumb"},"inLanguage":"de","potentialAction":[{"@type":"ReadAction","target":["https:\/\/digitaalpubliceren.com\/de\/datenschutzbestimmungen\/"]}]},{"@type":"BreadcrumbList","@id":"https:\/\/digitaalpubliceren.com\/de\/datenschutzbestimmungen\/#breadcrumb","itemListElement":[{"@type":"ListItem","position":1,"name":"Startseite","item":"https:\/\/digitaalpubliceren.com\/de\/"},{"@type":"ListItem","position":2,"name":"Datenschutzbestimmungen"}]},{"@type":"WebSite","@id":"\/#website","url":"\/","name":"DigitaalPubliceren.com","description":"","publisher":{"@id":"\/#organization"},"potentialAction":[{"@type":"SearchAction","target":{"@type":"EntryPoint","urlTemplate":"\/?s={search_term_string}"},"query-input":{"@type":"PropertyValueSpecification","valueRequired":true,"valueName":"search_term_string"}}],"inLanguage":"de"},{"@type":"Organization","@id":"\/#organization","name":"DigitaalPubliceren.com","url":"\/","logo":{"@type":"ImageObject","inLanguage":"de","@id":"\/#\/schema\/logo\/image\/","url":"https:\/\/i0.wp.com\/digitaalpubliceren.com\/wp-content\/uploads\/2020\/08\/DP-logo-web-kleur.png?fit=%2C&ssl=1","contentUrl":"https:\/\/i0.wp.com\/digitaalpubliceren.com\/wp-content\/uploads\/2020\/08\/DP-logo-web-kleur.png?fit=%2C&ssl=1","caption":"DigitaalPubliceren.com"},"image":{"@id":"\/#\/schema\/logo\/image\/"}}]}},"jetpack_sharing_enabled":true,"_links":{"self":[{"href":"https:\/\/digitaalpubliceren.com\/de\/wp-json\/wp\/v2\/pages\/20741","targetHints":{"allow":["GET"]}}],"collection":[{"href":"https:\/\/digitaalpubliceren.com\/de\/wp-json\/wp\/v2\/pages"}],"about":[{"href":"https:\/\/digitaalpubliceren.com\/de\/wp-json\/wp\/v2\/types\/page"}],"author":[{"embeddable":true,"href":"https:\/\/digitaalpubliceren.com\/de\/wp-json\/wp\/v2\/users\/1"}],"replies":[{"embeddable":true,"href":"https:\/\/digitaalpubliceren.com\/de\/wp-json\/wp\/v2\/comments?post=20741"}],"version-history":[{"count":0,"href":"https:\/\/digitaalpubliceren.com\/de\/wp-json\/wp\/v2\/pages\/20741\/revisions"}],"wp:attachment":[{"href":"https:\/\/digitaalpubliceren.com\/de\/wp-json\/wp\/v2\/media?parent=20741"}],"curies":[{"name":"wp","href":"https:\/\/api.w.org\/{rel}","templated":true}]}}