{"id":20579,"date":"2018-02-11T18:07:41","date_gmt":"2018-02-11T17:07:41","guid":{"rendered":"https:\/\/digitaalpubliceren.com\/allgemeine-geschaeftsbedingungen\/"},"modified":"2018-02-11T18:07:41","modified_gmt":"2018-02-11T17:07:41","slug":"allgemeine-geschaeftsbedingungen","status":"publish","type":"page","link":"https:\/\/digitaalpubliceren.com\/de\/allgemeine-geschaeftsbedingungen\/","title":{"rendered":"Allgemeine Gesch\u00e4ftsbedingungen"},"content":{"rendered":"<p><strong>Definitionen<\/strong><\/p>\n<p>Digitaal Publiceren.com ist bei der Handelskammer in Den Bosch eingetragen. Digitaal Publiceren.com ist Teil des Unternehmens HV Media. Diese Allgemeinen Gesch\u00e4ftsbedingungen sind eine Erg\u00e4nzung zu den Allgemeinen Gesch\u00e4ftsbedingungen f\u00fcr HV Media, diese Allgemeinen Gesch\u00e4ftsbedingungen finden Sie auf der Website www.hvmedia.nl. Diese Allgemeinen Gesch\u00e4ftsbedingungen sind eine Erg\u00e4nzung zu den \u00fcbrigen Allgemeinen Gesch\u00e4ftsbedingungen.   <\/p>\n<p>Digitaal Publiceren ist der Auftragnehmer im Rahmen dieser Allgemeinen Gesch\u00e4ftsbedingungen.<\/p>\n<p>Kunde ist der Abnehmer eines Produkts oder einer Dienstleistung von Digitaal Publiceren.com<\/p>\n<p>Vereinbarung ist die Vereinbarung, die von beiden Parteien unterzeichnet wird, bevor Digitaal Publiceren.com zur Lieferung an den Kunden \u00fcbergeht, oder die Online-Bestellung, die \u00fcber die Website aufgegeben wird.<\/p>\n<p>Allgemeine Gesch\u00e4ftsbedingungen sind die Bedingungen, wie sie unten beschrieben sind oder wie sie in den Allgemeinen Gesch\u00e4ftsbedingungen von HV Media beschrieben sind.<\/p>\n<ol>\n<li>Anwendbarkeit<\/li>\n<\/ol>\n<p>Diese Allgemeinen Gesch\u00e4ftsbedingungen gelten f\u00fcr alle Angebote und Lieferungen von Digitaal Publiceren.com. Digitaal Publiceren.com ist berechtigt, die Allgemeinen Gesch\u00e4ftsbedingungen jederzeit anzupassen. Eine aktuelle Version dieser Allgemeinen Gesch\u00e4ftsbedingungen wird auf Anfrage kostenlos zur Verf\u00fcgung gestellt.  <\/p>\n<ol start=\"2\">\n<li>Angebote und Offerten<\/li>\n<\/ol>\n<p>Von Digitaal Publiceren.com abgegebene Angebote und Offerten sind freibleibend und unter keinen Umst\u00e4nden verbindlich. Alle abgegebenen Angebote haben eine G\u00fcltigkeit von 30 Kalendertagen. <\/p>\n<ol start=\"3\">\n<li>Vereinbarungen<\/li>\n<\/ol>\n<p>In einer Vereinbarung stehen die endg\u00fcltigen Vereinbarungen \u00fcber das von Digitaal Publiceren.com an den Kunden zu liefernde Produkt. In der Vereinbarung stehen die technischen und grafischen Details, die Preisangabe und die Liefertermine. In einigen F\u00e4llen muss der Kunde Digitaal Publiceren.com Informationen liefern. Hierf\u00fcr wird in der Vereinbarung ein sp\u00e4tester Termin festgelegt. Wenn der Kunde Digitaal Publiceren.com zu diesem Zeitpunkt keine oder unzureichende Informationen geliefert hat, ist Digitaal Publiceren.com berechtigt, den Liefertermin des Endprodukts und eventueller Zwischenprodukte zu \u00e4ndern. Eine Vereinbarung ist nur dann verbindlich, wenn:     <\/p>\n<p>1. Explizit erw\u00e4hnt wird, dass es sich um eine Vereinbarung handelt<br \/>\n2. Dieses Dokument mit einer Unterschrift von Digitaal Publiceren.com oder einem Vertreter von Digitaal Publiceren.com und des Kunden oder eines Vertreters des Kunden versehen ist<br \/>\n3. Schriftlich von Digitaal Publiceren.com eine Lieferfrist festgelegt wurde. Digitaal Publiceren.com hat das Recht, den Abschluss einer Vereinbarung zu verweigern.<\/p>\n<ol start=\"4\">\n<li>Preise<\/li>\n<\/ol>\n<p>Alle angegebenen Preise verstehen sich exklusive der geltenden Mehrwertsteuer (hoher Satz, 21 %), sofern nicht anders angegeben. Wenn Digitaal Publiceren.com schriftlich nachweisen kann, dass der Selbstkostenpreis eines Produkts den Verkaufspreis \u00fcbersteigt, ist Digitaal Publiceren.com berechtigt, den Verkaufspreis zu erh\u00f6hen. Dies gibt dem Kunden nicht das Recht, die Vereinbarung aufzul\u00f6sen. Dar\u00fcber hinaus hat Digitaal Publiceren jederzeit das Recht, die Preise zu erh\u00f6hen, dies gilt jedoch nicht f\u00fcr laufende Vereinbarungen.   <\/p>\n<ol start=\"5\">\n<li>Lieferung<\/li>\n<\/ol>\n<p>Der Zeitpunkt der Lieferung ist, wenn Digitaal Publiceren.com zufolge alle technischen Anforderungen der Vereinbarung erf\u00fcllt sind. Bei der Lieferung wird das Endprodukt von Digitaal Publiceren.com auf eventuelle technische M\u00e4ngel \u00fcberpr\u00fcft. Diese werden, sofern von Digitaal Publiceren.com anerkannt, und wenn m\u00f6glich, innerhalb von 1 (einem) Werktag nach Lieferung angepasst. Wenn der Kunde nach der Lieferung mit der Gestaltung nicht zufrieden ist, sind hier keine Anpassungen mehr vorzunehmen. Wenn der Kunde nach der Lieferung Anpassungen am Inhalt w\u00fcnscht, liegt dies in der Verantwortung des Kunden und er muss erneut eine neue Bestellung aufgeben.    <\/p>\n<ol start=\"6\">\n<li>Bezahlung &amp; Versand<\/li>\n<\/ol>\n<p>Digitaal Publiceren.com ist berechtigt, eine Vorauszahlung zu verlangen, und kann die H\u00f6he der Vorauszahlung selbst bestimmen, bis maximal zum gesamten Rechnungsbetrag. Standardm\u00e4\u00dfig sind es 50 % bei Beginn des Projekts. Nach Lieferung des Endprodukts muss der Kunde innerhalb von 30 (drei\u00dfig) Tagen den vollst\u00e4ndigen Rechnungsbetrag an Digitaal Publiceren.com bezahlt haben. Wenn der Kunde dies nicht getan hat, ist Digitaal Publiceren.com berechtigt, bis zum maximalen 2-fachen (zweifachen) Rechnungsbetrag in Rechnung zu stellen, zuz\u00fcglich eventueller Inkassokosten. Dar\u00fcber hinaus hat Digitaal Publiceren.com das Recht, die Ver\u00f6ffentlichung nach dem Hinterlassen der Zahlungsverpflichtung, die Ver\u00f6ffentlichung (vor\u00fcbergehend) offline zu stellen.    <\/p>\n<p>Der Versand erfolgt digital per E-Mail. Sie erhalten eine E-Mail mit dem HTML-Einbettungscode, dem Link zur funktionierenden bl\u00e4tterbaren Publikation und nach Bezahlung des Auftrags folgen auch alle Dateien der bl\u00e4tterbaren Publikation per WeTransfer. Der Versand erfolgt innerhalb von 1 Werktag nach Abschluss Ihrer Bestellung.  <\/p>\n<ol start=\"7\">\n<li>Haftung<\/li>\n<\/ol>\n<p>Digitaal Publiceren.com haftet nicht f\u00fcr direkte oder indirekte Sch\u00e4den, die aus oder durch M\u00e4ngel an gelieferten Produkten und Dienstleistungen oder durch fehlerhafte oder nicht rechtzeitige Lieferung von Produkten und Dienstleistungen an den Kunden entstehen. Jede Haftung f\u00fcr Betriebssch\u00e4den (Betriebsst\u00f6rung, Einkommensverlust usw.), Datenverlust oder -verminderung und\/oder Folgesch\u00e4den, die durch welche Ursache auch immer entstanden sind, einschlie\u00dflich Verz\u00f6gerung der Lieferzeit von Produkten und Dienstleistungen, ist ausdr\u00fccklich ausgeschlossen. Digitaal Publiceren.com haftet nicht f\u00fcr Sch\u00e4den, die dem Abnehmer oder Dritten durch das Zutun von Digitaal Publiceren.com oder durch von Digitaal Publiceren.com gelieferte Produkte und Dienstleistungen entstanden sind. Digitaal Publiceren.com kann bei Nichteinhaltung des Termins nicht f\u00fcr die eventuellen Folgen f\u00fcr den Kunden haftbar gemacht werden. Digitaal Publiceren.com haftet nicht f\u00fcr die Nichteinhaltung des (eventuell) vereinbarten Termins. Der Abnehmer stellt Digitaal Publiceren.com und seine Mitarbeiter von Anspr\u00fcchen Dritter auf Ersatz von materiellen und immateriellen Sch\u00e4den frei, die direkt oder indirekt durch (die Verwendung von) den von Digitaal Publiceren.com gelieferten Produkten und Dienstleistungen verursacht werden. Die Haftung von Digitaal Publiceren.com aus dem mit dem Abnehmer geschlossenen Vertrag ist niemals h\u00f6her als der Rechnungsbetrag.      <\/p>\n<ol start=\"8\">\n<li>Retentionsrecht<\/li>\n<\/ol>\n<p>Alle Produkte bleiben Eigentum von Digitaal Publiceren.com, bis der vollst\u00e4ndige Rechnungsbetrag von der Gegenpartei bezahlt wurde. Digitaal Publiceren.com ist berechtigt, das Retentionsrecht anzuwenden, wenn nach der vereinbarten Frist nicht bezahlt wird. Weitere Informationen zu diesem Punkt finden Sie unter Art. 1612 B.W.  <\/p>\n<ol start=\"9\">\n<li>Stornierungsbedingungen<\/li>\n<\/ol>\n<p>Das Stornieren einer Bestellung ist nicht m\u00f6glich. Wenn die Bestellung aufgegeben wurde, wird die Bestellung direkt bearbeitet. Da das Produkt auf der Grundlage der gelieferten Eingabe ma\u00dfgefertigt wird, ist es nicht m\u00f6glich, vom Widerrufsrecht Gebrauch zu machen.  <\/p>\n<p>&nbsp;<\/p>\n","protected":false},"excerpt":{"rendered":"<p>Definitionen Digitaal Publiceren.com ist bei der Handelskammer in Den Bosch eingetragen. Digitaal Publiceren.com ist Teil des Unternehmens HV Media. Diese Allgemeinen Gesch\u00e4ftsbedingungen sind eine Erg\u00e4nzung zu den Allgemeinen Gesch\u00e4ftsbedingungen f\u00fcr HV Media, diese Allgemeinen Gesch\u00e4ftsbedingungen finden Sie auf der Website www.hvmedia.nl. Diese Allgemeinen Gesch\u00e4ftsbedingungen sind eine Erg\u00e4nzung zu den \u00fcbrigen Allgemeinen Gesch\u00e4ftsbedingungen. Digitaal Publiceren ist [&hellip;]<\/p>\n","protected":false},"author":1,"featured_media":0,"parent":0,"menu_order":0,"comment_status":"closed","ping_status":"closed","template":"","meta":{"footnotes":"","_links_to":"","_links_to_target":""},"class_list":["post-20579","page","type-page","status-publish","hentry"],"yoast_head":"<!-- This site is optimized with the Yoast SEO plugin v27.4 - https:\/\/yoast.com\/product\/yoast-seo-wordpress\/ -->\n<title>Allgemeine Gesch\u00e4ftsbedingungen - DigitaalPubliceren.com<\/title>\n<meta name=\"robots\" content=\"noindex, follow\" \/>\n<meta property=\"og:locale\" content=\"de_DE\" \/>\n<meta property=\"og:type\" content=\"article\" \/>\n<meta property=\"og:title\" content=\"Allgemeine Gesch\u00e4ftsbedingungen - DigitaalPubliceren.com\" \/>\n<meta property=\"og:description\" content=\"Definitionen Digitaal Publiceren.com ist bei der Handelskammer in Den Bosch eingetragen. Digitaal Publiceren.com ist Teil des Unternehmens HV Media. Diese Allgemeinen Gesch\u00e4ftsbedingungen sind eine Erg\u00e4nzung zu den Allgemeinen Gesch\u00e4ftsbedingungen f\u00fcr HV Media, diese Allgemeinen Gesch\u00e4ftsbedingungen finden Sie auf der Website www.hvmedia.nl. Diese Allgemeinen Gesch\u00e4ftsbedingungen sind eine Erg\u00e4nzung zu den \u00fcbrigen Allgemeinen Gesch\u00e4ftsbedingungen. Digitaal Publiceren ist [&hellip;]\" \/>\n<meta property=\"og:url\" content=\"https:\/\/digitaalpubliceren.com\/de\/allgemeine-geschaeftsbedingungen\/\" \/>\n<meta property=\"og:site_name\" content=\"DigitaalPubliceren.com\" \/>\n<meta name=\"twitter:card\" content=\"summary_large_image\" \/>\n<meta name=\"twitter:label1\" content=\"Gesch\u00e4tzte Lesezeit\" \/>\n\t<meta name=\"twitter:data1\" content=\"5 Minuten\" \/>\n<script type=\"application\/ld+json\" class=\"yoast-schema-graph\">{\"@context\":\"https:\\\/\\\/schema.org\",\"@graph\":[{\"@type\":\"WebPage\",\"@id\":\"https:\\\/\\\/digitaalpubliceren.com\\\/de\\\/allgemeine-geschaeftsbedingungen\\\/\",\"url\":\"https:\\\/\\\/digitaalpubliceren.com\\\/de\\\/allgemeine-geschaeftsbedingungen\\\/\",\"name\":\"Allgemeine Gesch\u00e4ftsbedingungen - DigitaalPubliceren.com\",\"isPartOf\":{\"@id\":\"\\\/#website\"},\"datePublished\":\"2018-02-11T17:07:41+00:00\",\"breadcrumb\":{\"@id\":\"https:\\\/\\\/digitaalpubliceren.com\\\/de\\\/allgemeine-geschaeftsbedingungen\\\/#breadcrumb\"},\"inLanguage\":\"de\",\"potentialAction\":[{\"@type\":\"ReadAction\",\"target\":[\"https:\\\/\\\/digitaalpubliceren.com\\\/de\\\/allgemeine-geschaeftsbedingungen\\\/\"]}]},{\"@type\":\"BreadcrumbList\",\"@id\":\"https:\\\/\\\/digitaalpubliceren.com\\\/de\\\/allgemeine-geschaeftsbedingungen\\\/#breadcrumb\",\"itemListElement\":[{\"@type\":\"ListItem\",\"position\":1,\"name\":\"Startseite\",\"item\":\"https:\\\/\\\/digitaalpubliceren.com\\\/de\\\/\"},{\"@type\":\"ListItem\",\"position\":2,\"name\":\"Allgemeine Gesch\u00e4ftsbedingungen\"}]},{\"@type\":\"WebSite\",\"@id\":\"\\\/#website\",\"url\":\"\\\/\",\"name\":\"DigitaalPubliceren.com\",\"description\":\"\",\"publisher\":{\"@id\":\"\\\/#organization\"},\"potentialAction\":[{\"@type\":\"SearchAction\",\"target\":{\"@type\":\"EntryPoint\",\"urlTemplate\":\"\\\/?s={search_term_string}\"},\"query-input\":{\"@type\":\"PropertyValueSpecification\",\"valueRequired\":true,\"valueName\":\"search_term_string\"}}],\"inLanguage\":\"de\"},{\"@type\":\"Organization\",\"@id\":\"\\\/#organization\",\"name\":\"DigitaalPubliceren.com\",\"url\":\"\\\/\",\"logo\":{\"@type\":\"ImageObject\",\"inLanguage\":\"de\",\"@id\":\"\\\/#\\\/schema\\\/logo\\\/image\\\/\",\"url\":\"https:\\\/\\\/i0.wp.com\\\/digitaalpubliceren.com\\\/wp-content\\\/uploads\\\/2020\\\/08\\\/DP-logo-web-kleur.png?fit=%2C&ssl=1\",\"contentUrl\":\"https:\\\/\\\/i0.wp.com\\\/digitaalpubliceren.com\\\/wp-content\\\/uploads\\\/2020\\\/08\\\/DP-logo-web-kleur.png?fit=%2C&ssl=1\",\"caption\":\"DigitaalPubliceren.com\"},\"image\":{\"@id\":\"\\\/#\\\/schema\\\/logo\\\/image\\\/\"}}]}<\/script>\n<!-- \/ Yoast SEO plugin. -->","yoast_head_json":{"title":"Allgemeine Gesch\u00e4ftsbedingungen - DigitaalPubliceren.com","robots":{"index":"noindex","follow":"follow"},"og_locale":"de_DE","og_type":"article","og_title":"Allgemeine Gesch\u00e4ftsbedingungen - DigitaalPubliceren.com","og_description":"Definitionen Digitaal Publiceren.com ist bei der Handelskammer in Den Bosch eingetragen. Digitaal Publiceren.com ist Teil des Unternehmens HV Media. Diese Allgemeinen Gesch\u00e4ftsbedingungen sind eine Erg\u00e4nzung zu den Allgemeinen Gesch\u00e4ftsbedingungen f\u00fcr HV Media, diese Allgemeinen Gesch\u00e4ftsbedingungen finden Sie auf der Website www.hvmedia.nl. Diese Allgemeinen Gesch\u00e4ftsbedingungen sind eine Erg\u00e4nzung zu den \u00fcbrigen Allgemeinen Gesch\u00e4ftsbedingungen. Digitaal Publiceren ist [&hellip;]","og_url":"https:\/\/digitaalpubliceren.com\/de\/allgemeine-geschaeftsbedingungen\/","og_site_name":"DigitaalPubliceren.com","twitter_card":"summary_large_image","twitter_misc":{"Gesch\u00e4tzte Lesezeit":"5 Minuten"},"schema":{"@context":"https:\/\/schema.org","@graph":[{"@type":"WebPage","@id":"https:\/\/digitaalpubliceren.com\/de\/allgemeine-geschaeftsbedingungen\/","url":"https:\/\/digitaalpubliceren.com\/de\/allgemeine-geschaeftsbedingungen\/","name":"Allgemeine Gesch\u00e4ftsbedingungen - DigitaalPubliceren.com","isPartOf":{"@id":"\/#website"},"datePublished":"2018-02-11T17:07:41+00:00","breadcrumb":{"@id":"https:\/\/digitaalpubliceren.com\/de\/allgemeine-geschaeftsbedingungen\/#breadcrumb"},"inLanguage":"de","potentialAction":[{"@type":"ReadAction","target":["https:\/\/digitaalpubliceren.com\/de\/allgemeine-geschaeftsbedingungen\/"]}]},{"@type":"BreadcrumbList","@id":"https:\/\/digitaalpubliceren.com\/de\/allgemeine-geschaeftsbedingungen\/#breadcrumb","itemListElement":[{"@type":"ListItem","position":1,"name":"Startseite","item":"https:\/\/digitaalpubliceren.com\/de\/"},{"@type":"ListItem","position":2,"name":"Allgemeine Gesch\u00e4ftsbedingungen"}]},{"@type":"WebSite","@id":"\/#website","url":"\/","name":"DigitaalPubliceren.com","description":"","publisher":{"@id":"\/#organization"},"potentialAction":[{"@type":"SearchAction","target":{"@type":"EntryPoint","urlTemplate":"\/?s={search_term_string}"},"query-input":{"@type":"PropertyValueSpecification","valueRequired":true,"valueName":"search_term_string"}}],"inLanguage":"de"},{"@type":"Organization","@id":"\/#organization","name":"DigitaalPubliceren.com","url":"\/","logo":{"@type":"ImageObject","inLanguage":"de","@id":"\/#\/schema\/logo\/image\/","url":"https:\/\/i0.wp.com\/digitaalpubliceren.com\/wp-content\/uploads\/2020\/08\/DP-logo-web-kleur.png?fit=%2C&ssl=1","contentUrl":"https:\/\/i0.wp.com\/digitaalpubliceren.com\/wp-content\/uploads\/2020\/08\/DP-logo-web-kleur.png?fit=%2C&ssl=1","caption":"DigitaalPubliceren.com"},"image":{"@id":"\/#\/schema\/logo\/image\/"}}]}},"jetpack_sharing_enabled":true,"_links":{"self":[{"href":"https:\/\/digitaalpubliceren.com\/de\/wp-json\/wp\/v2\/pages\/20579","targetHints":{"allow":["GET"]}}],"collection":[{"href":"https:\/\/digitaalpubliceren.com\/de\/wp-json\/wp\/v2\/pages"}],"about":[{"href":"https:\/\/digitaalpubliceren.com\/de\/wp-json\/wp\/v2\/types\/page"}],"author":[{"embeddable":true,"href":"https:\/\/digitaalpubliceren.com\/de\/wp-json\/wp\/v2\/users\/1"}],"replies":[{"embeddable":true,"href":"https:\/\/digitaalpubliceren.com\/de\/wp-json\/wp\/v2\/comments?post=20579"}],"version-history":[{"count":0,"href":"https:\/\/digitaalpubliceren.com\/de\/wp-json\/wp\/v2\/pages\/20579\/revisions"}],"wp:attachment":[{"href":"https:\/\/digitaalpubliceren.com\/de\/wp-json\/wp\/v2\/media?parent=20579"}],"curies":[{"name":"wp","href":"https:\/\/api.w.org\/{rel}","templated":true}]}}